{"id":129,"date":"2011-01-21T20:41:51","date_gmt":"2011-01-21T20:41:51","guid":{"rendered":"http:\/\/fa000261.host.inode.at\/?page_id=129"},"modified":"2017-10-11T12:24:38","modified_gmt":"2017-10-11T12:24:38","slug":"effectuation-praxisbuch","status":"publish","type":"page","link":"http:\/\/www.faschingbauer.at\/?page_id=129","title":{"rendered":"praxisbuch"},"content":{"rendered":"<p>&nbsp;<\/p>\n<p><em><a href=\"http:\/\/www.faschingbauer.at\/wp-content\/uploads\/Effectuation_MMB2010.png\"><img loading=\"lazy\" decoding=\"async\" class=\"alignleft size-medium wp-image-258\" title=\"Effectuation_MMB2010\" src=\"http:\/\/www.faschingbauer.at\/wp-content\/uploads\/Effectuation_MMB2010-256x300.png\" alt=\"\" width=\"256\" height=\"300\" srcset=\"http:\/\/www.faschingbauer.at\/wp-content\/uploads\/Effectuation_MMB2010-256x300.png 256w, http:\/\/www.faschingbauer.at\/wp-content\/uploads\/Effectuation_MMB2010.png 373w\" sizes=\"(max-width: 256px) 100vw, 256px\" \/><\/a>&#8222;Managementbuch des Jahres 2010&#8220;, www.managementbuch.de<br \/>\n&#8222;Shortlisted getAbstract international book award 2010&#8220;, www.getabstract.com<br \/>\n&#8222;Die 100 besten Wirtschaftsb\u00fccher aller Zeiten&#8220;, www.murmann-verlag.de<\/em><\/p>\n<p>Michael Faschingbauer<br \/>\n<strong><a title=\"Effectuation bei Amazon\" href=\"http:\/\/amzn.to\/2fZrJiS\" target=\"_blank\">Effectuation: Wie erfolgreiche Unternehmer denken, entscheiden und handeln<\/a>\u00a03. Auflage (erweitert und \u00fcberarbeitet)<\/strong><\/p>\n<p>Sch\u00e4ffer-Poeschel<br \/>\n338 S., Gebunden<\/p>\n<p><!--more-->EUR 39,95 (DE) \/ 41,10 (AT)<br \/>\nErschienen im August 2017<br \/>\n(1. Auflage April 2010)<br \/>\nISBN: 978-3791036793<\/p>\n<p>Mit Gastbeitr\u00e4gen von Dr. Nicholas Dew, Dr. Helfried Faschingbauer, Dr. Dietmar Grichnik, Dr. Ren\u00e9 Mauer, Dr. Stuart Read, Dr. Saras Sarasvathy, Dr. Gunther Schmidt, Dr. Ruth Seliger und Dr. Robert Wiltbank, Bettina Brendle, Dr. Heinen-Konschak<\/p>\n<p style=\"text-align: left;\"><a href=\"mailto:office@faschingbauer.at\">Buch &#8222;Effectuation&#8220; bei uns bestellen<\/a><\/p>\n<p>Es braucht keine fixen Ziele oder &#8222;z\u00fcndende&#8220; Ideen, um zu handeln &#8211; der Ansatz von Effectuation stellt klassisches Management-Denken auf den Kopf. Mit Erfolg, denn gerade in schwer einsch\u00e4tzbaren Situationen erzielt die Methode bessere Ergebnisse.<\/p>\n<h4>In der 3. Auflage neu:<\/h4>\n<ul>\n<li>Handlungsanweisungen f\u00fcr die VUKA-Welt (Volatilit\u00e4t &#8211; Ungewissheit &#8211; Komplexit\u00e4t &#8211; Ambiguit\u00e4t)<\/li>\n<li>Fallstudien zu Effectuation im Kontext bestehender Unternehmen<\/li>\n<li>Ausf\u00fchrliche Erl\u00e4uterungen zur Anwendung von Effectuation in der Praxis<\/li>\n<li>Aktuelle Forschungsergebnissen, zahlreichen neuen Werkzeuge und Fallbeispiele<\/li>\n<\/ul>\n","protected":false},"excerpt":{"rendered":"<p>&nbsp; &#8222;Managementbuch des Jahres 2010&#8220;, www.managementbuch.de &#8222;Shortlisted getAbstract international book award 2010&#8220;, www.getabstract.com &#8222;Die 100 besten Wirtschaftsb\u00fccher aller Zeiten&#8220;, www.murmann-verlag.de Michael Faschingbauer Effectuation: Wie erfolgreiche Unternehmer denken, entscheiden und handeln\u00a03. Auflage (erweitert und \u00fcberarbeitet) Sch\u00e4ffer-Poeschel 338 S., Gebunden<\/p>\n","protected":false},"author":1,"featured_media":0,"parent":67,"menu_order":0,"comment_status":"open","ping_status":"open","template":"","meta":{"_et_pb_use_builder":"","_et_pb_old_content":"","_et_gb_content_width":"","_monsterinsights_skip_tracking":false,"_monsterinsights_sitenote_active":false,"_monsterinsights_sitenote_note":"","_monsterinsights_sitenote_category":0,"footnotes":""},"class_list":["post-129","page","type-page","status-publish","hentry"],"_links":{"self":[{"href":"http:\/\/www.faschingbauer.at\/index.php?rest_route=\/wp\/v2\/pages\/129","targetHints":{"allow":["GET"]}}],"collection":[{"href":"http:\/\/www.faschingbauer.at\/index.php?rest_route=\/wp\/v2\/pages"}],"about":[{"href":"http:\/\/www.faschingbauer.at\/index.php?rest_route=\/wp\/v2\/types\/page"}],"author":[{"embeddable":true,"href":"http:\/\/www.faschingbauer.at\/index.php?rest_route=\/wp\/v2\/users\/1"}],"replies":[{"embeddable":true,"href":"http:\/\/www.faschingbauer.at\/index.php?rest_route=%2Fwp%2Fv2%2Fcomments&post=129"}],"version-history":[{"count":20,"href":"http:\/\/www.faschingbauer.at\/index.php?rest_route=\/wp\/v2\/pages\/129\/revisions"}],"predecessor-version":[{"id":658,"href":"http:\/\/www.faschingbauer.at\/index.php?rest_route=\/wp\/v2\/pages\/129\/revisions\/658"}],"up":[{"embeddable":true,"href":"http:\/\/www.faschingbauer.at\/index.php?rest_route=\/wp\/v2\/pages\/67"}],"wp:attachment":[{"href":"http:\/\/www.faschingbauer.at\/index.php?rest_route=%2Fwp%2Fv2%2Fmedia&parent=129"}],"curies":[{"name":"wp","href":"https:\/\/api.w.org\/{rel}","templated":true}]}}